{"id":3,"date":"2023-02-26T08:44:31","date_gmt":"2023-02-26T07:44:31","guid":{"rendered":"http:\/\/mariajoseroldan.com\/?page_id=3"},"modified":"2023-04-25T19:46:32","modified_gmt":"2023-04-25T17:46:32","slug":"politica-privacidad","status":"publish","type":"page","link":"https:\/\/mariajoseroldan.com\/?page_id=3","title":{"rendered":"Pol\u00edtica de privacidad"},"content":{"rendered":"<p>[et_pb_section fb_built=\u00bb1&#8243; admin_label=\u00bbsection\u00bb _builder_version=\u00bb4.16&#8243; global_colors_info=\u00bb{}\u00bb][et_pb_row _builder_version=\u00bb4.20.4&#8243; _module_preset=\u00bbdefault\u00bb][et_pb_column _builder_version=\u00bb4.20.4&#8243; _module_preset=\u00bbdefault\u00bb type=\u00bb4_4&#8243;][et_pb_text _builder_version=\u00bb4.20.4&#8243; _module_preset=\u00bbdefault\u00bb hover_enabled=\u00bb0&#8243; sticky_enabled=\u00bb0&#8243;]<\/p>\n<h1>Pol\u00edtica de privacidad<\/h1>\n<p>[\/et_pb_text][\/et_pb_column][\/et_pb_row][et_pb_row admin_label=\u00bbrow\u00bb _builder_version=\u00bb4.16&#8243; background_size=\u00bbinitial\u00bb background_position=\u00bbtop_left\u00bb background_repeat=\u00bbrepeat\u00bb global_colors_info=\u00bb{}\u00bb][et_pb_column type=\u00bb4_4&#8243; _builder_version=\u00bb4.16&#8243; custom_padding=\u00bb|||\u00bb global_colors_info=\u00bb{}\u00bb custom_padding__hover=\u00bb|||\u00bb][et_pb_text admin_label=\u00bbText\u00bb _builder_version=\u00bb4.16&#8243; background_size=\u00bbinitial\u00bb background_position=\u00bbtop_left\u00bb background_repeat=\u00bbrepeat\u00bb global_colors_info=\u00bb{}\u00bb]<\/p>\n<p><span><strong>Protecci\u00f3n de datos de car\u00e1cter personal seg\u00fan la LOPDGDD <\/strong><\/span><span><strong>\u00a0(Ley Org\u00e1nica de Protecci\u00f3n de Datos y Garant\u00eda de Derechos Digitales<\/strong><\/span><span><strong>)<\/strong><\/span><\/p>\n<p><span>M\u00aa Jos\u00e9 Rold\u00e1n Prieto, en aplicaci\u00f3n de la normativa vigente en materia de protecci\u00f3n de datos de car\u00e1cter personal, informa que los datos personales que se recogen a trav<\/span><span>\u00e9s de los formularios del Sitio web: www.mariajoseroldan.com, se incluyen en los ficheros automatizados espec\u00edficos de usuarios de los servicios de www.mariajoseroldan.com.<\/span><\/p>\n<p><span>La recogida y tratamiento automatizado de los datos de car\u00e1cter personal tiene como finalidad el mantenimiento de la relaci\u00f3n comercial y el desempe\u00f1o de tareas de informaci\u00f3n, formaci\u00f3n, asesoramiento y otras actividades propias de los servicios de M\u00aa Jos\u00e9 Rold\u00e1n Prieto.<\/span><\/p>\n<p><span>Estos datos \u00fa<\/span><span>nicamente ser\u00e1n cedidos a aquellas entidades que sean necesarias con el \u00fa<\/span><span>nico objetivo de dar cumplimiento a la finalidad anteriormente expuesta.<\/span><\/p>\n<p><span>M\u00aa Jos\u00e9 Rold\u00e1n Prieto adopta las medidas necesarias para garantizar la seguridad, integridad y confidencialidad de los datos conforme a lo dispuesto en el Reglamento (UE) 2016\/679 del Parlamento Europeo y del Consejo, de 27 de abril de 2016, relativo a la protecci\u00f3n de las personas f\u00edsicas en lo que respecta al tratamiento de datos personales y a la libre circulaci\u00f3n de los mismos.<\/span><\/p>\n<p><span>El usuario podr\u00e1 en cualquier momento ejercitar los derechos de acceso, oposici\u00f3<\/span><span>n, rectificaci\u00f3n y cancelaci\u00f3n<br \/>reconocidos en el citado Reglamento (UE). El ejercicio de estos derechos puede realizarlo el propio usuario a trav<\/span><span>\u00e9<\/span><span>s de email a: mariajoseroldanconsulta@gmail.com o en la direcci\u00f3<\/span><span>n: C\/P\u00f3sito, 23 (18640) Padul (Granada).<\/span><\/p>\n<p><span>El usuario manifiesta que todos los datos facilitados por <\/span><span>\u00e9l son ciertos y correctos, y se compromete a mantenerlos actualizados, comunicando los cambios a mariajoseroldanconsulta@gmail.com.<\/span><\/p>\n<p><span><strong>Finalidad del tratamiento de los datos personales:<\/strong><\/span><\/p>\n<p><span>\u00bfCon qu<\/span><span>\u00e9 finalidad trataremos tus datos personales?<br \/><\/span><span>En este sitio web trataremos tus datos personales recabados a trav<\/span><span>\u00e9s del Sitio Web: www.mariajoseroldan.com, con las siguientes finalidades:<\/span><\/p>\n<ol>\n<li><em> <\/em><span>En caso de contrataci\u00f3n de los bienes y servicios ofertados a trav<\/span><span>\u00e9<\/span><span>s de www.mariajoseroldan.<\/span><span>com <\/span><span>, para mantener la relaci\u00f3n contractual, as\u00ed como la gesti\u00f3n, administraci\u00f3n, informaci\u00f3n, prestaci\u00f3n y mejora del <\/span><\/li>\n<li><em> <\/em><span>Env\u00edo de informaci\u00f3n solicitada a trav<\/span><span>\u00e9s de los formularios dispuestos en www.mariajoseroldan.<\/span><span>com. <\/span><\/li>\n<li><em> <\/em><span>Remitir boletines (newsletters), as\u00ed como comunicaciones comerciales de promociones y\/o publicidad de<em>mariajoseroldan.<\/em><\/span><span><em>com <\/em>y del sector en caso de que sea necesario.<\/span><\/li>\n<\/ol>\n<p><span>Te recordamos que puedes oponerte al env\u00edo de comunicaciones comerciales por cualquier v\u00eda y en cualquier momento, remitiendo un correo electr\u00f3nico a la direcci\u00f3<\/span><span>n indicada anteriormente.<\/span><\/p>\n<p><span>Los campos de dichos registros son de cumplimentaci\u00f3n obligatoria, siendo imposible realizar las finalidades expresadas si no se aportan esos datos.<\/span><\/p>\n<p><span><strong>\u00bfPor cu\u00e1nto tiempo se conservan los datos personales recabados?<\/strong><\/span><\/p>\n<p><span>Los datos personales proporcionados se conservar\u00e1n mientras se mantenga la relaci\u00f3n comercial o no solicites su supresi\u00f3n y durante el plazo por el cu\u00e1l pudieran derivarse responsabilidades legales por los servicios prestados.<br \/>Legitimaci\u00f3<\/span><span>n:<\/span><\/p>\n<p><span>El tratamiento de tus datos se realiza con las siguientes bases jur\u00eddicas que legitiman el mismo:<\/span><\/p>\n<ol>\n<li><span> La solicitud de informaci\u00f3n y\/o la contrataci\u00f3n de los servicios de www.mariajoseroldan.<\/span><span>com , cuyos t<\/span><span>\u00e9rminos y condiciones se pondr\u00e1n a tu disposici\u00f3n en todo caso, de forma previa a una eventual contrataci\u00f3n.<\/span><\/li>\n<li><span> El consentimiento libre, espec\u00ed<\/span><span>fico, informado e inequ\u00edvoco, en tanto que te informamos poniendo a tu disposici\u00f3n la presente pol\u00edtica de privacidad, que tras la lectura de la misma, en caso de estar conforme, puedes aceptar mediante una declaraci\u00f3n o una clara acci\u00f3n afirmativa, como el marcado de una casilla dispuesta al <\/span><span>efecto.<\/span><\/li>\n<\/ol>\n<p><span>En caso de que no nos facilites tus datos o lo hagas de forma err\u00f3nea o incompleta, no podremos atender tu solicitud, resultando del todo imposible proporcionarte la informaci\u00f3n solicitada o llevar a cabo la contrataci\u00f3n de los servicios.<\/span><\/p>\n<p><span><strong>Destinatarios:<\/strong><\/span><\/p>\n<p><span>Los datos no se comunicar\u00e1n a ning\u00fan tercero ajeno a www.mariajoseroldan.com, salvo obligaci\u00f3<\/span><span>n legal.<\/span><\/p>\n<p><span>Como encargados de tratamiento, M\u00aa Jos\u00e9 Rold\u00e1n Prieto es la responsable comprometido al cumplimiento de las disposiciones normativas, de aplicaci\u00f3n en materia de protecci\u00f3n de datos<\/span><\/p>\n<p><span><strong>Datos recopilados por usuarios de los servicios<\/strong><\/span><\/p>\n<p><span>En los casos en que el usuario incluya ficheros con datos de car\u00e1cter personal en los servidores de alojamiento compartido, M\u00aa Jos\u00e9 Rold\u00e1n Prieto, no se hace responsable del incumplimiento por parte del usuario del RGPD.<\/span><\/p>\n<p><span><strong>Retenci\u00f3n de datos en conformidad a la LSSI<\/strong><\/span><\/p>\n<p><span>M\u00aa Jos\u00e9 Rold\u00e1n Prieto informa de que, como prestador de servicio de alojamiento de datos y en virtud de lo establecido en la Ley 34\/2002 de 11 de julio de Servicios de la Sociedad de la Informaci\u00f3n y de Comercio Electr\u00f3nico (LSSI), retiene por un periodo m\u00e1ximo de 12 meses la informaci\u00f3n imprescindible para identificar el origen de los datos alojados y el momento en que se inici\u00f3 la prestaci\u00f3n del servicio. La retenci\u00f3n de estos datos no afecta al secreto de las comunicaciones y s\u00f3lo podr\u00e1n ser utilizados en el marco de una investigaci\u00f3n criminal o para la salvaguardia de la seguridad p\u00fa<\/span><span>blica, poni<\/span><span>\u00e9ndose a disposici\u00f3n de los jueces y\/o tribunales o del Ministerio que as\u00ed los requiera.<\/span><\/p>\n<p><span>La comunicaci\u00f3n de datos a las Fuerzas y Cuerpos del Estado se har\u00e1 en virtud a lo dispuesto en la normativa sobre protecci\u00f3n de datos personales.<\/span><\/p>\n<p><span><strong>Derechos propiedad intelectual M\u00aa Jos\u00e9 Rold\u00e1n Prieto<\/strong><\/span><\/p>\n<p><span>M\u00aa Jos\u00e9 Rold\u00e1n Prieto es titular de todos los derechos de autor, propiedad intelectual, industrial, <\/span><span>\u201c<\/span><span>know how\u201d y cuantos otros derechos guardan relaci\u00f3n con los contenidos del sitio web <\/span><span><a href=\"http:\/\/www.mariajoseroldan.com\">www.mariajoseroldan.<u>com<\/u><\/a><\/span><span> y los servicios ofertados en el mismo, as\u00ed como de los programas necesarios para su implementaci\u00f3n y la informaci\u00f3n relacionada.<\/span><\/p>\n<p><span>No se permite la reproducci\u00f3n, publicaci\u00f3n y\/o uso no estrictamente privado de los contenidos, totales o parciales, del sitio web <\/span><span><a href=\"http:\/\/www.mariajoseroldan.com\">www.mariajoseroldan.<u>com<\/u><\/a><\/span><span> sin el consentimiento previo y por escrito.<\/span><\/p>\n<p><span><strong>Propiedad intelectual del software<\/strong><\/span><\/p>\n<p><span>El usuario debe respetar los programas de terceros puestos a su disposici\u00f3n por <\/span><span><a href=\"http:\/\/www.mariajoseroldan.com\">www.mariajoseroldan.<u>com<\/u><\/a><\/span><span>, aun siendo gratuitos y\/o de disposici\u00f3n p\u00fa<\/span><span>blica.<\/span><\/p>\n<p><span><a href=\"http:\/\/www.mariajoseroldan.com\">www.mariajoseroldan.<u>com<\/u><\/a><\/span><span> dispone de los derechos de explotaci\u00f3n y propiedad intelectual necesarios del software.<\/span><\/p>\n<p><span>El usuario no adquiere derecho alguno o licencia por el servicio contratado, sobre el software necesario para la prestaci\u00f3n del servicio, ni tampoco sobre la informaci\u00f3n t<\/span><span>\u00e9cnica de seguimiento del servicio, excepci\u00f3n hecha de los derechos y licencias necesarios para el cumplimiento de los servicios contratados y \u00fanicamente durante la duraci\u00f3n de los mismos.<\/span><\/p>\n<p><span>Para toda actuaci\u00f3n que exceda del cumplimiento del contrato, el usuario necesitar\u00e1 autorizaci\u00f3n por escrito por parte de M\u00aa Jos\u00e9 Rold\u00e1n Prieto, quedando prohibido al usuario acceder, modificar, visualizar la configuraci\u00f3n, estructura y ficheros de los servidores propiedad de M\u00aa Jos\u00e9 Rold\u00e1n Prieto, asumiendo la responsabilidad civil y penal derivada de cualquier incidencia que se pudiera producir en los servidores y sistemas de seguridad como consecuencia directa de una actuaci\u00f3n negligente o maliciosa por su parte.<\/span><\/p>\n<p><span><strong>Propiedad intelectual de los contenidos alojados<\/strong><\/span><\/p>\n<p><span>Se proh\u00edbe el uso contrario a la legislaci\u00f3n sobre propiedad intelectual de los servicios prestados por M\u00aa Jos\u00e9 Rold\u00e1n y, en particular de:<\/span><\/p>\n<ul>\n<li><span> La utilizaci\u00f3n que resulte contraria a las leyes espa\u00f1olas o que infrinja los derechos de terceros.<br \/>\u2022 La publicaci\u00f3n o la transmisi\u00f3n de cualquier contenido que, a juicio de M\u00aa Jos\u00e9 Rold\u00e1n Prieto, resulte <\/span><span>violento, obsceno, abusivo, ilegal, racial, xen\u00f3<\/span><span>fobo o difamatorio.<br \/>\u2022 Los cracks, n\u00fameros de serie de programas o cualquier otro contenido que vulnere derechos de la propiedad intelectual de terceros.<br \/>\u2022 La recogida y\/o utilizaci\u00f3n de datos personales de otros usuarios sin su consentimiento expreso o contraviniendo lo dispuesto en Reglamento (UE) 2016\/679 del Parlamento Europeo y del Consejo, de 27 de abril de 2016,<br \/>relativo a la protecci\u00f3n de las personas f\u00edsicas en lo que respecta al tratamiento de datos personales y a la libre circulaci\u00f3n de los mismos.<br \/>\u2022 La utilizaci\u00f3n del servidor de correo del dominio y de las direcciones de correo electr\u00f3nico para el env\u00ed<\/span><span>o de <\/span><span>correo masivo no deseado.<\/span><\/li>\n<\/ul>\n<p><span>El usuario tiene toda la responsabilidad sobre el contenido que env\u00eda a esta web, la informaci\u00f3n transmitida y almacenada, los enlaces de hipertexto, las reivindicaciones de terceros y las acciones legales en referencia a propiedad intelectual.<\/span><\/p>\n<p><span><strong>Derechos de terceros y protecci\u00f3<\/strong><\/span><span><strong>n de menores.<\/strong><\/span><\/p>\n<p><span>El usuario es responsable respecto a las leyes y reglamentos en vigor y las reglas que tienen que ver con el funcionamiento del servicio online, comercio electr\u00f3nico, derechos de autor, mantenimiento del orden p\u00fa<\/span><span>blico, as\u00ed como principios universales de uso de Internet.<\/span><\/p>\n<p><span>El usuario indemnizar\u00e1 a M\u00aa Jos\u00e9 Rold\u00e1n Prieto por los gastos que generara la imputaci\u00f3<\/span><span>n de <\/span><span><a href=\"http:\/\/www.mariajoseroldan.com\">www.mariajoseroldan.<u>com<\/u><\/a><\/span><span>\u00a0 en alguna causa cuya responsabilidad fuera atribuible al usuario, incluidos<br \/>honorarios y gastos de defensa jur\u00eddica, incluso en el caso de una decisi\u00f3n judicial no definitiva.<\/span><\/p>\n<p><span><strong>Protecci\u00f3n de la informaci\u00f3n alojada<\/strong><\/span><\/p>\n<p><span>M\u00aa Jos\u00e9 Rold\u00e1n Prieto realiza copias de seguridad de los contenidos alojados en sus servidores, sin embargo no se responsabiliza de la p<\/span><span>\u00e9rdida o el borrado accidental de los datos por parte de los usuarios. De igual<br \/>manera, no garantiza la reposici\u00f3n total de los datos borrados por los usuarios, ya que los citados datos podr\u00edan haber sido suprimidos y\/o modificados durante el periodo del tiempo transcurrido desde la \u00faltima copia de seguridad.<\/span><\/p>\n<p><span>Los servicios ofertados, excepto los servicios espec\u00edficos de backup, no incluyen la reposici\u00f3n de los contenidos conservados en las copias de seguridad realizadas por <\/span><span><a href=\"http:\/\/www.mariajoseroldan.com\">www.mariajoseroldan.<u>com<\/u><\/a><\/span><span>, cuando esta p<\/span><span>\u00e9rdida sea imputable al usuario; en este caso, se determinar\u00e1 una tarifa acorde a la complejidad y volumen de la recuperaci\u00f3n, siempre previa aceptaci\u00f3n del usuario.<\/span><\/p>\n<p><span>La reposici\u00f3n de datos borrados s\u00f3lo est\u00e1 incluida en el precio del servicio cuando la p<\/span><span>\u00e9rdida del contenido sea debida a causas atribuibles a <\/span><span><a href=\"http:\/\/www.mariajoseroldan.com\">www.mariajoseroldan.<u>com<\/u><\/a><\/span><span>.<\/span><\/p>\n<p><span><strong>Comunicaciones comerciales<\/strong><\/span><\/p>\n<p><span>En aplicaci\u00f3<\/span><span>n de la LSSI. M\u00aa Jos\u00e9 Rold\u00e1n Prieto <\/span><span>no enviar\u00e1 comunicaciones publicitarias o promocionales por correo electr\u00f3nico u otro medio de comunicaci\u00f3n electr\u00f3nica equivalente que previamente no hubieran sido solicitadas o expresamente autorizadas por los destinatarios de las mismas.<\/span><\/p>\n<p><span>En el caso de usuarios con los que exista una relaci\u00f3n contractual previa, M\u00aa Jos\u00e9 Rold\u00e1n Prieto s\u00ed est\u00e1 autorizado al env\u00edo de comunicaciones comerciales referentes a productos y\/o servicios de <\/span><span><a href=\"http:\/\/www.mariajoseroldan.com\">www.mariajoseroldan.<u>com<\/u><\/a><\/span><span>\u00a0 que sean similares a los que inicialmente fueron objeto de contrataci\u00f3n con el cliente.<\/span><\/p>\n<p><span>En todo caso, el usuario, tras acreditar su identidad, podr\u00e1 solicitar que no se le haga llegar m\u00e1s informaci\u00f3<\/span><span>n comercial a trav<\/span><span>\u00e9s del correo electr\u00f3nico: mariajoseroldanconsulta@gmail.com. <\/span><\/p>\n<p><!-- \/wp:paragraph --><\/p>\n<p>[\/et_pb_text][\/et_pb_column][\/et_pb_row][\/et_pb_section]<\/p>\n","protected":false},"excerpt":{"rendered":"<p>Pol\u00edtica de privacidadProtecci\u00f3n de datos de car\u00e1cter personal seg\u00fan la LOPDGDD \u00a0(Ley Org\u00e1nica de Protecci\u00f3n de Datos y Garant\u00eda de Derechos Digitales) M\u00aa Jos\u00e9 Rold\u00e1n Prieto, en aplicaci\u00f3n de la normativa vigente en materia de protecci\u00f3n de datos de car\u00e1cter personal, informa que los datos personales que se recogen a trav\u00e9s de los formularios del [&hellip;]<\/p>\n","protected":false},"author":1,"featured_media":0,"parent":0,"menu_order":0,"comment_status":"closed","ping_status":"closed","template":"","meta":{"_et_pb_use_builder":"on","_et_pb_old_content":"<!-- wp:heading --><h2>Who we are<\/h2><!-- \/wp:heading --><!-- wp:paragraph --><p><strong class=\"privacy-policy-tutorial\">Suggested text: <\/strong>Our website address is: http:\/\/mariajoseroldan.com.<\/p><!-- \/wp:paragraph --><!-- wp:heading --><h2>Comments<\/h2><!-- \/wp:heading --><!-- wp:paragraph --><p><strong class=\"privacy-policy-tutorial\">Suggested text: <\/strong>When visitors leave comments on the site we collect the data shown in the comments form, and also the visitor&#8217;s IP address and browser user agent string to help spam detection.<\/p><!-- \/wp:paragraph --><!-- wp:paragraph --><p>An anonymized string created from your email address (also called a hash) may be provided to the Gravatar service to see if you are using it. The Gravatar service privacy policy is available here: https:\/\/automattic.com\/privacy\/. After approval of your comment, your profile picture is visible to the public in the context of your comment.<\/p><!-- \/wp:paragraph --><!-- wp:heading --><h2>Media<\/h2><!-- \/wp:heading --><!-- wp:paragraph --><p><strong class=\"privacy-policy-tutorial\">Suggested text: <\/strong>If you upload images to the website, you should avoid uploading images with embedded location data (EXIF GPS) included. Visitors to the website can download and extract any location data from images on the website.<\/p><!-- \/wp:paragraph --><!-- wp:heading --><h2>Cookies<\/h2><!-- \/wp:heading --><!-- wp:paragraph --><p><strong class=\"privacy-policy-tutorial\">Suggested text: <\/strong>If you leave a comment on our site you may opt-in to saving your name, email address and website in cookies. These are for your convenience so that you do not have to fill in your details again when you leave another comment. These cookies will last for one year.<\/p><!-- \/wp:paragraph --><!-- wp:paragraph --><p>If you visit our login page, we will set a temporary cookie to determine if your browser accepts cookies. This cookie contains no personal data and is discarded when you close your browser.<\/p><!-- \/wp:paragraph --><!-- wp:paragraph --><p>When you log in, we will also set up several cookies to save your login information and your screen display choices. Login cookies last for two days, and screen options cookies last for a year. If you select &quot;Remember Me&quot;, your login will persist for two weeks. If you log out of your account, the login cookies will be removed.<\/p><!-- \/wp:paragraph --><!-- wp:paragraph --><p>If you edit or publish an article, an additional cookie will be saved in your browser. This cookie includes no personal data and simply indicates the post ID of the article you just edited. It expires after 1 day.<\/p><!-- \/wp:paragraph --><!-- wp:heading --><h2>Embedded content from other websites<\/h2><!-- \/wp:heading --><!-- wp:paragraph --><p><strong class=\"privacy-policy-tutorial\">Suggested text: <\/strong>Articles on this site may include embedded content (e.g. videos, images, articles, etc.). Embedded content from other websites behaves in the exact same way as if the visitor has visited the other website.<\/p><!-- \/wp:paragraph --><!-- wp:paragraph --><p>These websites may collect data about you, use cookies, embed additional third-party tracking, and monitor your interaction with that embedded content, including tracking your interaction with the embedded content if you have an account and are logged in to that website.<\/p><!-- \/wp:paragraph --><!-- wp:heading --><h2>Who we share your data with<\/h2><!-- \/wp:heading --><!-- wp:paragraph --><p><strong class=\"privacy-policy-tutorial\">Suggested text: <\/strong>If you request a password reset, your IP address will be included in the reset email.<\/p><!-- \/wp:paragraph --><!-- wp:heading --><h2>How long we retain your data<\/h2><!-- \/wp:heading --><!-- wp:paragraph --><p><strong class=\"privacy-policy-tutorial\">Suggested text: <\/strong>If you leave a comment, the comment and its metadata are retained indefinitely. This is so we can recognize and approve any follow-up comments automatically instead of holding them in a moderation queue.<\/p><!-- \/wp:paragraph --><!-- wp:paragraph --><p>For users that register on our website (if any), we also store the personal information they provide in their user profile. All users can see, edit, or delete their personal information at any time (except they cannot change their username). Website administrators can also see and edit that information.<\/p><!-- \/wp:paragraph --><!-- wp:heading --><h2>What rights you have over your data<\/h2><!-- \/wp:heading --><!-- wp:paragraph --><p><strong class=\"privacy-policy-tutorial\">Suggested text: <\/strong>If you have an account on this site, or have left comments, you can request to receive an exported file of the personal data we hold about you, including any data you have provided to us. You can also request that we erase any personal data we hold about you. This does not include any data we are obliged to keep for administrative, legal, or security purposes.<\/p><!-- \/wp:paragraph --><!-- wp:heading --><h2>Where your data is sent<\/h2><!-- \/wp:heading --><!-- wp:paragraph --><p><strong class=\"privacy-policy-tutorial\">Suggested text: <\/strong>Visitor comments may be checked through an automated spam detection service.<\/p><!-- \/wp:paragraph -->","_et_gb_content_width":""},"_links":{"self":[{"href":"https:\/\/mariajoseroldan.com\/index.php?rest_route=\/wp\/v2\/pages\/3"}],"collection":[{"href":"https:\/\/mariajoseroldan.com\/index.php?rest_route=\/wp\/v2\/pages"}],"about":[{"href":"https:\/\/mariajoseroldan.com\/index.php?rest_route=\/wp\/v2\/types\/page"}],"author":[{"embeddable":true,"href":"https:\/\/mariajoseroldan.com\/index.php?rest_route=\/wp\/v2\/users\/1"}],"replies":[{"embeddable":true,"href":"https:\/\/mariajoseroldan.com\/index.php?rest_route=%2Fwp%2Fv2%2Fcomments&post=3"}],"version-history":[{"count":4,"href":"https:\/\/mariajoseroldan.com\/index.php?rest_route=\/wp\/v2\/pages\/3\/revisions"}],"predecessor-version":[{"id":377,"href":"https:\/\/mariajoseroldan.com\/index.php?rest_route=\/wp\/v2\/pages\/3\/revisions\/377"}],"wp:attachment":[{"href":"https:\/\/mariajoseroldan.com\/index.php?rest_route=%2Fwp%2Fv2%2Fmedia&parent=3"}],"curies":[{"name":"wp","href":"https:\/\/api.w.org\/{rel}","templated":true}]}}