{"id":382,"date":"2023-04-25T19:53:08","date_gmt":"2023-04-25T17:53:08","guid":{"rendered":"https:\/\/mariajoseroldan.com\/?page_id=382"},"modified":"2023-04-25T20:09:49","modified_gmt":"2023-04-25T18:09:49","slug":"politica-cookies","status":"publish","type":"page","link":"https:\/\/mariajoseroldan.com\/?page_id=382","title":{"rendered":"Pol\u00edtica de cookies"},"content":{"rendered":"<p>[et_pb_section fb_built=\u00bb1&#8243; theme_builder_area=\u00bbpost_content\u00bb _builder_version=\u00bb4.20.4&#8243; _module_preset=\u00bbdefault\u00bb][et_pb_row _builder_version=\u00bb4.20.4&#8243; _module_preset=\u00bbdefault\u00bb theme_builder_area=\u00bbpost_content\u00bb][et_pb_column _builder_version=\u00bb4.20.4&#8243; _module_preset=\u00bbdefault\u00bb type=\u00bb4_4&#8243; theme_builder_area=\u00bbpost_content\u00bb][et_pb_text _builder_version=\u00bb4.20.4&#8243; _module_preset=\u00bbdefault\u00bb theme_builder_area=\u00bbpost_content\u00bb hover_enabled=\u00bb0&#8243; sticky_enabled=\u00bb0&#8243;]<\/p>\n<h1>Pol\u00edtica de cookies<\/h1>\n<p>[\/et_pb_text][\/et_pb_column][\/et_pb_row][\/et_pb_section][et_pb_section fb_built=\u00bb1&#8243; theme_builder_area=\u00bbpost_content\u00bb _builder_version=\u00bb4.20.4&#8243; _module_preset=\u00bbdefault\u00bb custom_padding=\u00bb1px|||||\u00bb][et_pb_row _builder_version=\u00bb4.20.4&#8243; _module_preset=\u00bbdefault\u00bb theme_builder_area=\u00bbpost_content\u00bb][et_pb_column _builder_version=\u00bb4.20.4&#8243; _module_preset=\u00bbdefault\u00bb type=\u00bb4_4&#8243; theme_builder_area=\u00bbpost_content\u00bb][et_pb_text _builder_version=\u00bb4.20.4&#8243; _module_preset=\u00bbdefault\u00bb theme_builder_area=\u00bbpost_content\u00bb hover_enabled=\u00bb0&#8243; sticky_enabled=\u00bb0&#8243;]<\/p>\n<p>\u00a1Hola y bienvenido\/a a la Pol\u00edtica de Cookies de <span><a href=\"http:\/\/www.mariajoseroldan.com\/\">www.mariajoseroldan.com<\/a><\/span>!<\/p>\n<p>&nbsp;<\/p>\n<p>En esta p\u00e1gina, te explicaremos todo lo que necesitas saber sobre el uso de cookies en nuestro sitio web. Esperamos que esta informaci\u00f3n te resulte \u00fatil y te ayude a entender c\u00f3mo funcionan las cookies y c\u00f3mo las usamos en nuestro sitio web.<\/p>\n<p>&nbsp;<\/p>\n<ol>\n<li>\u00bfQu\u00e9 son las cookies? Las cookies son peque\u00f1os archivos de texto que se descargan en tu dispositivo (ordenador, tel\u00e9fono m\u00f3vil, tableta, etc.) cuando visitas un sitio web. Estos archivos contienen informaci\u00f3n sobre tu visita al sitio web, como tus preferencias de idioma, tus ajustes de personalizaci\u00f3n, y otros detalles que ayudan a que tu experiencia en el sitio web sea m\u00e1s eficiente y personalizada.<\/li>\n<li>\u00bfC\u00f3mo usamos las cookies en <span><a href=\"http:\/\/www.mariajoseroldan.com\/\">mariajoseroldan.com<\/a><\/span> ? En <span><a href=\"http:\/\/www.mariajoseroldan.com\/\">www.mariajoseroldan.com<\/a><\/span> utilizamos cookies por varias razones:<\/li>\n<\/ol>\n<ul>\n<li>Para asegurarnos de que el sitio web funciona correctamente y para hacerlo m\u00e1s f\u00e1cil de usar.<\/li>\n<li>Para entender c\u00f3mo utilizan nuestro sitio web los usuarios y para mejorar la experiencia de usuario.<\/li>\n<li>Para mostrar publicidad personalizada y relevante basada en tus intereses.<\/li>\n<li>Para permitirte compartir contenido de nuestro sitio web en las redes sociales.<\/li>\n<\/ul>\n<ol start=\"3\">\n<li>Tipos de cookies que utilizamos En <span><a href=\"http:\/\/www.mariajoseroldan.com\/\">mariajoseroldan.com<\/a><\/span> utilizamos dos tipos de cookies: las cookies propias y las cookies de terceros.<\/li>\n<\/ol>\n<p><span>\u00a0<\/span><\/p>\n<p>Las cookies propias son aquellas que se crean y se gestionan directamente por <span><a href=\"http:\/\/www.mariajoseroldan.com\/\">www.mariajoseroldan.com<\/a><\/span> . Estas cookies se utilizan principalmente para asegurarnos de que el sitio web funciona correctamente y para ofrecerte una experiencia de usuario personalizada y eficiente.<\/p>\n<p>&nbsp;<\/p>\n<p>Las cookies de terceros son aquellas que se crean y se gestionan por empresas externas a <span><a href=\"http:\/\/www.mariajoseroldan.com\/\">www.mariajoseroldan.com<\/a><\/span> . Estas cookies se utilizan principalmente para mostrar publicidad personalizada y relevante y para compartir contenido en las redes sociales.<\/p>\n<p>&nbsp;<\/p>\n<ol start=\"4\">\n<li>\u00bfC\u00f3mo puedes controlar el uso de cookies en <span><a href=\"http:\/\/www.mariajoseroldan.com\/\">mariajoseroldan.com<\/a><\/span> ? puedes controlar el uso de cookies en nuestro sitio web cambiando los ajustes de tu navegador. Si no est\u00e1s seguro de c\u00f3mo hacerlo, puedes consultar la secci\u00f3n de ayuda de tu navegador o buscar informaci\u00f3n en Internet.<\/li>\n<\/ol>\n<p>&nbsp;<\/p>\n<p>Ten en cuenta que, al desactivar o bloquear las cookies, es posible que algunas partes de mi sitio web no funcionen correctamente o que tu experiencia como usuario sea menos personalizada y eficiente.<\/p>\n<ol start=\"5\">\n<li>\u00bfC\u00f3mo puedo actualizar nuestra Pol\u00edtica de Cookies? Mar\u00eda Jos\u00e9 Rold\u00e1n Prieto se reserva el derecho de actualizar esta Pol\u00edtica de Cookies en cualquier momento. Te recomendamos que revises esta p\u00e1gina con regularidad para estar al tanto de cualquier cambio.<\/li>\n<li>\u00bfC\u00f3mo puedes contactarnos? Si tiene alguna pregunta o inquietud sobre el uso de cookies en <span><a href=\"http:\/\/www.mariajoseroldan.com\/\">mariajoseroldan.com<\/a><\/span>, puede contactarnos a trav\u00e9s de nuestra secci\u00f3n de contacto en el sitio web o directamente a trav\u00e9s del correo electr\u00f3nico: mariajoseroldanconsulta@gmail.com.<\/li>\n<\/ol>\n<p><span>\u00a0<\/span><\/p>\n<p>Esperamos que esta Pol\u00edtica de Cookies haya resultado \u00fatil y que haya ayudado a entender c\u00f3mo usamos las cookies en <span><a href=\"http:\/\/www.mariajoseroldan.com\/\">www.mariajoseroldan.com<\/a><\/span>. Si tienes alguna pregunta adicional, no dudes en contactar con M\u00aa Jos\u00e9 Rold\u00e1n Prieto. \u00a1Gracias por visitar este sitio web!<\/p>\n<p><span>\u00a0<\/span><\/p>\n<p>&nbsp;<\/p>\n<p>&nbsp;<\/p>\n<p>[\/et_pb_text][\/et_pb_column][\/et_pb_row][\/et_pb_section]<\/p>\n","protected":false},"excerpt":{"rendered":"<p>Pol\u00edtica de cookies\u00a1Hola y bienvenido\/a a la Pol\u00edtica de Cookies de www.mariajoseroldan.com! &nbsp; En esta p\u00e1gina, te explicaremos todo lo que necesitas saber sobre el uso de cookies en nuestro sitio web. Esperamos que esta informaci\u00f3n te resulte \u00fatil y te ayude a entender c\u00f3mo funcionan las cookies y c\u00f3mo las usamos en nuestro sitio [&hellip;]<\/p>\n","protected":false},"author":2,"featured_media":0,"parent":0,"menu_order":0,"comment_status":"closed","ping_status":"closed","template":"","meta":{"_et_pb_use_builder":"on","_et_pb_old_content":"","_et_gb_content_width":""},"_links":{"self":[{"href":"https:\/\/mariajoseroldan.com\/index.php?rest_route=\/wp\/v2\/pages\/382"}],"collection":[{"href":"https:\/\/mariajoseroldan.com\/index.php?rest_route=\/wp\/v2\/pages"}],"about":[{"href":"https:\/\/mariajoseroldan.com\/index.php?rest_route=\/wp\/v2\/types\/page"}],"author":[{"embeddable":true,"href":"https:\/\/mariajoseroldan.com\/index.php?rest_route=\/wp\/v2\/users\/2"}],"replies":[{"embeddable":true,"href":"https:\/\/mariajoseroldan.com\/index.php?rest_route=%2Fwp%2Fv2%2Fcomments&post=382"}],"version-history":[{"count":3,"href":"https:\/\/mariajoseroldan.com\/index.php?rest_route=\/wp\/v2\/pages\/382\/revisions"}],"predecessor-version":[{"id":389,"href":"https:\/\/mariajoseroldan.com\/index.php?rest_route=\/wp\/v2\/pages\/382\/revisions\/389"}],"wp:attachment":[{"href":"https:\/\/mariajoseroldan.com\/index.php?rest_route=%2Fwp%2Fv2%2Fmedia&parent=382"}],"curies":[{"name":"wp","href":"https:\/\/api.w.org\/{rel}","templated":true}]}}